{"id":187,"date":"2020-02-26T11:11:12","date_gmt":"2020-02-26T10:11:12","guid":{"rendered":"http:\/\/www.swh-hof.at\/wordpress\/?page_id=187"},"modified":"2025-01-08T16:43:26","modified_gmt":"2025-01-08T15:43:26","slug":"geniessen-2","status":"publish","type":"page","link":"https:\/\/swh-hof.at\/index.php\/geniessen-2\/","title":{"rendered":"Genie\u00dfen"},"content":{"rendered":"\t\t<div data-elementor-type=\"wp-page\" data-elementor-id=\"187\" class=\"elementor elementor-187\" data-elementor-post-type=\"page\">\n\t\t\t\t\t\t<section class=\"elementor-section elementor-top-section elementor-element elementor-element-2c910f7 elementor-section-boxed elementor-section-height-default elementor-section-height-default\" data-id=\"2c910f7\" data-element_type=\"section\" data-e-type=\"section\">\n\t\t\t\t\t\t<div class=\"elementor-container elementor-column-gap-default\">\n\t\t\t\t\t<div class=\"elementor-column elementor-col-100 elementor-top-column elementor-element elementor-element-c4f38df\" data-id=\"c4f38df\" data-element_type=\"column\" data-e-type=\"column\">\n\t\t\t<div class=\"elementor-widget-wrap elementor-element-populated\">\n\t\t\t\t\t\t<div class=\"elementor-element elementor-element-6003c39 elementor-widget elementor-widget-text-editor\" data-id=\"6003c39\" data-element_type=\"widget\" data-e-type=\"widget\" data-widget_type=\"text-editor.default\">\n\t\t\t\t<div class=\"elementor-widget-container\">\n\t\t\t\t\t\t\t\t\t<blockquote><h2><em><span style=\"color: #3366ff;\"><span style=\"color: #008080;\">Eine gute K\u00fcche ist das Fundament allen Gl\u00fccks&#8230;\u00a0\u00a0\u00a0\u00a0\u00a0\u00a0\u00a0\u00a0\u00a0\u00a0\u00a0\u00a0\u00a0\u00a0\u00a0\u00a0\u00a0\u00a0\u00a0\u00a0\u00a0 <\/span><\/span><\/em>(Auguste Escoffier)<\/h2><\/blockquote><p>Bei uns geht die Liebe tats\u00e4chlich durch den Magen, daf\u00fcr sorgen unsere K\u00f6chinnen und K\u00f6che. Wir kochen t\u00e4glich frisch und verwenden so wenig als m\u00f6glich fertige Produkte. Bewohner und Mitarbeiter k\u00f6nnen t\u00e4glich aus zwei Gerichten w\u00e4hlen, eine Vorsuppe und das Salatbuffett sind selbstverst\u00e4ndlich. An Sonn- und Feiertagen werden Sie zus\u00e4tzlich noch mit feinsten Konditor &#8211; Nachspeisen verw\u00f6hnt. Zum Nachmittagskaffee gibt es t\u00e4glich selbstgebackene Kuchen.<\/p><p>Unsere Produkte beziehen wir saisonal gro\u00dfteils von regionalen Lieferanten, wie z.B. Eder Brot, Fleischhauerei Fuchs, Salzburg Milch&#8230;<\/p><p>Seit einigen Jahren kochen wir auch f\u00fcr die Volksschule in Hof und bereiten die Mahlzeiten f\u00fcr das &#8222;Essen auf R\u00e4dern&#8220; zu.<\/p>\t\t\t\t\t\t\t\t<\/div>\n\t\t\t\t<\/div>\n\t\t\t\t\t<\/div>\n\t\t<\/div>\n\t\t\t\t\t<\/div>\n\t\t<\/section>\n\t\t\t\t<section class=\"elementor-section elementor-top-section elementor-element elementor-element-4f1f143 elementor-section-boxed elementor-section-height-default elementor-section-height-default\" data-id=\"4f1f143\" data-element_type=\"section\" data-e-type=\"section\">\n\t\t\t\t\t\t<div class=\"elementor-container elementor-column-gap-default\">\n\t\t\t\t\t<div class=\"elementor-column elementor-col-100 elementor-top-column elementor-element elementor-element-0dfff1f\" data-id=\"0dfff1f\" data-element_type=\"column\" data-e-type=\"column\">\n\t\t\t<div class=\"elementor-widget-wrap elementor-element-populated\">\n\t\t\t\t\t\t<div class=\"elementor-element elementor-element-9942fc3 elementor-arrows-position-inside elementor-pagination-position-outside elementor-widget elementor-widget-image-carousel\" data-id=\"9942fc3\" data-element_type=\"widget\" data-e-type=\"widget\" data-settings=\"{&quot;navigation&quot;:&quot;both&quot;,&quot;autoplay&quot;:&quot;yes&quot;,&quot;pause_on_hover&quot;:&quot;yes&quot;,&quot;pause_on_interaction&quot;:&quot;yes&quot;,&quot;autoplay_speed&quot;:5000,&quot;infinite&quot;:&quot;yes&quot;,&quot;speed&quot;:500}\" data-widget_type=\"image-carousel.default\">\n\t\t\t\t<div class=\"elementor-widget-container\">\n\t\t\t\t\t\t\t<div class=\"elementor-image-carousel-wrapper swiper\" role=\"region\" aria-roledescription=\"carousel\" aria-label=\"Bild Karussell\" dir=\"ltr\">\n\t\t\t<div class=\"elementor-image-carousel swiper-wrapper\" aria-live=\"off\">\n\t\t\t\t\t\t\t\t<div class=\"swiper-slide\" role=\"group\" aria-roledescription=\"slide\" aria-label=\"1 von 13\"><figure class=\"swiper-slide-inner\"><img decoding=\"async\" class=\"swiper-slide-image\" src=\"https:\/\/swh-hof.at\/wp-content\/uploads\/2020\/02\/IMG_3931-150x150.jpg\" alt=\"IMG_3931\" \/><\/figure><\/div><div class=\"swiper-slide\" role=\"group\" aria-roledescription=\"slide\" aria-label=\"2 von 13\"><figure class=\"swiper-slide-inner\"><img decoding=\"async\" class=\"swiper-slide-image\" src=\"https:\/\/swh-hof.at\/wp-content\/uploads\/2020\/02\/IMG_3903-150x150.jpg\" alt=\"IMG_3903\" \/><\/figure><\/div><div class=\"swiper-slide\" role=\"group\" aria-roledescription=\"slide\" aria-label=\"3 von 13\"><figure class=\"swiper-slide-inner\"><img decoding=\"async\" class=\"swiper-slide-image\" src=\"https:\/\/swh-hof.at\/wp-content\/uploads\/2020\/02\/IMG_3904-150x150.jpg\" alt=\"IMG_3904\" \/><\/figure><\/div><div class=\"swiper-slide\" role=\"group\" aria-roledescription=\"slide\" aria-label=\"4 von 13\"><figure class=\"swiper-slide-inner\"><img decoding=\"async\" class=\"swiper-slide-image\" src=\"https:\/\/swh-hof.at\/wp-content\/uploads\/2020\/02\/IMG_3954-150x150.jpg\" alt=\"IMG_3954\" \/><\/figure><\/div><div class=\"swiper-slide\" role=\"group\" aria-roledescription=\"slide\" aria-label=\"5 von 13\"><figure class=\"swiper-slide-inner\"><img decoding=\"async\" class=\"swiper-slide-image\" src=\"https:\/\/swh-hof.at\/wp-content\/uploads\/2020\/02\/IMG_3947-150x150.jpg\" alt=\"IMG_3947\" \/><\/figure><\/div><div class=\"swiper-slide\" role=\"group\" aria-roledescription=\"slide\" aria-label=\"6 von 13\"><figure class=\"swiper-slide-inner\"><img decoding=\"async\" class=\"swiper-slide-image\" src=\"https:\/\/swh-hof.at\/wp-content\/uploads\/2020\/02\/IMG_3944-150x150.jpg\" alt=\"IMG_3944\" \/><\/figure><\/div><div class=\"swiper-slide\" role=\"group\" aria-roledescription=\"slide\" aria-label=\"7 von 13\"><figure class=\"swiper-slide-inner\"><img decoding=\"async\" class=\"swiper-slide-image\" src=\"https:\/\/swh-hof.at\/wp-content\/uploads\/2022\/07\/DSC_0043-150x150.jpg\" alt=\"DSC_0043\" \/><\/figure><\/div><div class=\"swiper-slide\" role=\"group\" aria-roledescription=\"slide\" aria-label=\"8 von 13\"><figure class=\"swiper-slide-inner\"><img decoding=\"async\" class=\"swiper-slide-image\" src=\"https:\/\/swh-hof.at\/wp-content\/uploads\/2023\/04\/DSC_1032-150x150.jpg\" alt=\"DSC_1032\" \/><\/figure><\/div><div class=\"swiper-slide\" role=\"group\" aria-roledescription=\"slide\" aria-label=\"9 von 13\"><figure class=\"swiper-slide-inner\"><img decoding=\"async\" class=\"swiper-slide-image\" src=\"https:\/\/swh-hof.at\/wp-content\/uploads\/2024\/03\/DSC_0449-150x150.jpg\" alt=\"DSC_0449\" \/><\/figure><\/div><div class=\"swiper-slide\" role=\"group\" aria-roledescription=\"slide\" aria-label=\"10 von 13\"><figure class=\"swiper-slide-inner\"><img decoding=\"async\" class=\"swiper-slide-image\" src=\"https:\/\/swh-hof.at\/wp-content\/uploads\/2025\/01\/IMG_0062-150x150.jpg\" alt=\"IMG_0062\" \/><\/figure><\/div><div class=\"swiper-slide\" role=\"group\" aria-roledescription=\"slide\" aria-label=\"11 von 13\"><figure class=\"swiper-slide-inner\"><img decoding=\"async\" class=\"swiper-slide-image\" src=\"https:\/\/swh-hof.at\/wp-content\/uploads\/2025\/01\/IMG_0065-150x150.jpg\" alt=\"IMG_0065\" \/><\/figure><\/div><div class=\"swiper-slide\" role=\"group\" aria-roledescription=\"slide\" aria-label=\"12 von 13\"><figure class=\"swiper-slide-inner\"><img decoding=\"async\" class=\"swiper-slide-image\" src=\"https:\/\/swh-hof.at\/wp-content\/uploads\/2025\/01\/IMG_0067-150x150.jpg\" alt=\"IMG_0067\" \/><\/figure><\/div><div class=\"swiper-slide\" role=\"group\" aria-roledescription=\"slide\" aria-label=\"13 von 13\"><figure class=\"swiper-slide-inner\"><img decoding=\"async\" class=\"swiper-slide-image\" src=\"https:\/\/swh-hof.at\/wp-content\/uploads\/2025\/01\/20240529_144212-002-150x150.jpg\" alt=\"20240529_144212 (002)\" \/><\/figure><\/div>\t\t\t<\/div>\n\t\t\t\t\t\t\t\t\t\t\t\t<div class=\"elementor-swiper-button elementor-swiper-button-prev\" role=\"button\" tabindex=\"0\">\n\t\t\t\t\t\t<i aria-hidden=\"true\" class=\"eicon-chevron-left\"><\/i>\t\t\t\t\t<\/div>\n\t\t\t\t\t<div class=\"elementor-swiper-button elementor-swiper-button-next\" role=\"button\" tabindex=\"0\">\n\t\t\t\t\t\t<i aria-hidden=\"true\" class=\"eicon-chevron-right\"><\/i>\t\t\t\t\t<\/div>\n\t\t\t\t\n\t\t\t\t\t\t\t\t\t<div class=\"swiper-pagination\"><\/div>\n\t\t\t\t\t\t\t\t\t<\/div>\n\t\t\t\t\t\t<\/div>\n\t\t\t\t<\/div>\n\t\t\t\t\t<\/div>\n\t\t<\/div>\n\t\t\t\t\t<\/div>\n\t\t<\/section>\n\t\t\t\t<\/div>\n\t\t","protected":false},"excerpt":{"rendered":"<p>Eine gute K\u00fcche ist das Fundament allen Gl\u00fccks&#8230;\u00a0\u00a0\u00a0\u00a0\u00a0\u00a0\u00a0\u00a0\u00a0\u00a0\u00a0\u00a0\u00a0\u00a0\u00a0\u00a0\u00a0\u00a0\u00a0\u00a0\u00a0 (Auguste Escoffier) Bei uns geht die Liebe tats\u00e4chlich durch den Magen, daf\u00fcr sorgen unsere K\u00f6chinnen und K\u00f6che. Wir kochen t\u00e4glich frisch und verwenden so wenig als m\u00f6glich fertige Produkte. Bewohner und Mitarbeiter k\u00f6nnen t\u00e4glich aus zwei Gerichten w\u00e4hlen, eine Vorsuppe und das Salatbuffett sind selbstverst\u00e4ndlich. An Sonn- &hellip; <\/p>\n<p class=\"link-more\"><a href=\"https:\/\/swh-hof.at\/index.php\/geniessen-2\/\" class=\"more-link\"><span class=\"screen-reader-text\">\u201eGenie\u00dfen\u201c<\/span> weiterlesen<\/a><\/p>\n","protected":false},"author":1,"featured_media":0,"parent":0,"menu_order":0,"comment_status":"closed","ping_status":"closed","template":"","meta":{"footnotes":""},"class_list":["post-187","page","type-page","status-publish","hentry"],"_links":{"self":[{"href":"https:\/\/swh-hof.at\/index.php\/wp-json\/wp\/v2\/pages\/187","targetHints":{"allow":["GET"]}}],"collection":[{"href":"https:\/\/swh-hof.at\/index.php\/wp-json\/wp\/v2\/pages"}],"about":[{"href":"https:\/\/swh-hof.at\/index.php\/wp-json\/wp\/v2\/types\/page"}],"author":[{"embeddable":true,"href":"https:\/\/swh-hof.at\/index.php\/wp-json\/wp\/v2\/users\/1"}],"replies":[{"embeddable":true,"href":"https:\/\/swh-hof.at\/index.php\/wp-json\/wp\/v2\/comments?post=187"}],"version-history":[{"count":24,"href":"https:\/\/swh-hof.at\/index.php\/wp-json\/wp\/v2\/pages\/187\/revisions"}],"predecessor-version":[{"id":1421,"href":"https:\/\/swh-hof.at\/index.php\/wp-json\/wp\/v2\/pages\/187\/revisions\/1421"}],"wp:attachment":[{"href":"https:\/\/swh-hof.at\/index.php\/wp-json\/wp\/v2\/media?parent=187"}],"curies":[{"name":"wp","href":"https:\/\/api.w.org\/{rel}","templated":true}]}}